{"id":33108,"date":"2026-04-07T13:05:51","date_gmt":"2026-04-07T11:05:51","guid":{"rendered":"https:\/\/shop.anubesport.com\/?post_type=product&#038;p=33108"},"modified":"2026-04-07T13:10:49","modified_gmt":"2026-04-07T11:10:49","slug":"kit-de-instalacao-stella-roadbook-carta-rally","status":"publish","type":"product","link":"https:\/\/shop.anubesport.com\/pt-pt\/produto\/kit-de-instalacao-stella-roadbook-carta-rally\/","title":{"rendered":"Kit de instala\u00e7\u00e3o Stella Roadbook &#8211; Carta rally"},"content":{"rendered":"<p>Kit de instala\u00e7\u00e3o Stella Roadbook<\/p>\n<p>Inclui:<\/p>\n<ul>\n<li>Suporte Stella Roadbook em alum\u00ednio com velcro de fixa\u00e7\u00e3o frontal<\/li>\n<li>Antena GPS\/Glonass<\/li>\n<li>Antena de r\u00e1dio<\/li>\n<li>Cabo de energia<\/li>\n<li>Controle remoto<\/li>\n<\/ul>\n","protected":false},"excerpt":{"rendered":"<p><strong>Kit de Instala\u00e7\u00e3o Stella Roadbook<\/strong> Este kit cont\u00e9m todos os componentes necess\u00e1rios para montar o seu Stella Roadbook em provas de navega\u00e7\u00e3o<\/p>\n","protected":false},"featured_media":25844,"template":"","meta":[],"product_brand":[],"product_cat":[646],"product_tag":[],"class_list":{"0":"post-33108","1":"product","2":"type-product","3":"status-publish","4":"has-post-thumbnail","6":"product_cat-carta-rally","8":"first","9":"instock","10":"taxable","11":"shipping-taxable","12":"purchasable","13":"product-type-simple"},"_links":{"self":[{"href":"https:\/\/shop.anubesport.com\/pt-pt\/wp-json\/wp\/v2\/product\/33108","targetHints":{"allow":["GET"]}}],"collection":[{"href":"https:\/\/shop.anubesport.com\/pt-pt\/wp-json\/wp\/v2\/product"}],"about":[{"href":"https:\/\/shop.anubesport.com\/pt-pt\/wp-json\/wp\/v2\/types\/product"}],"wp:featuredmedia":[{"embeddable":true,"href":"https:\/\/shop.anubesport.com\/pt-pt\/wp-json\/wp\/v2\/media\/25844"}],"wp:attachment":[{"href":"https:\/\/shop.anubesport.com\/pt-pt\/wp-json\/wp\/v2\/media?parent=33108"}],"wp:term":[{"taxonomy":"product_brand","embeddable":true,"href":"https:\/\/shop.anubesport.com\/pt-pt\/wp-json\/wp\/v2\/product_brand?post=33108"},{"taxonomy":"product_cat","embeddable":true,"href":"https:\/\/shop.anubesport.com\/pt-pt\/wp-json\/wp\/v2\/product_cat?post=33108"},{"taxonomy":"product_tag","embeddable":true,"href":"https:\/\/shop.anubesport.com\/pt-pt\/wp-json\/wp\/v2\/product_tag?post=33108"}],"curies":[{"name":"wp","href":"https:\/\/api.w.org\/{rel}","templated":true}]}}